{"id":10,"date":"2024-11-26T12:30:51","date_gmt":"2024-11-26T12:30:51","guid":{"rendered":"https:\/\/searchingblue.de\/?page_id=10"},"modified":"2025-09-01T12:28:21","modified_gmt":"2025-09-01T12:28:21","slug":"startseite","status":"publish","type":"page","link":"https:\/\/www.searchingblue.de\/","title":{"rendered":"Ein Big Band-Konzert der Extraklasse"},"content":{"rendered":"\n<p><\/p>\n\n\n\n<p>Im Februar 2025 pr\u00e4sentierten wie Ihnen eine der besten Big Bands des M\u00fcnsterlandes im Wolfgang-Borchert-Theater und in der Stadthalle Hiltrup: die <strong>Big Band I<\/strong> <strong>der Universit\u00e4t M\u00fcnster<\/strong> unter der Leitung von <strong>Ansgar Elsner<\/strong>.<\/p>\n\n\n\n<p>Es wurde u. a. die Urauff\u00fchrung der Suite <strong>Searching Blue<\/strong> f\u00fcr Big Band pr\u00e4sentiert, komponiert von <strong><a href=\"https:\/\/www.claudiagiesen.de\">Claudia Giesen<\/a><\/strong> mit Krimi-Illustrationen im Comic-Stil von <strong>Marcel Giesen<\/strong>.<\/p>\n\n\n\n<figure class=\"wp-block-image size-large\"><img loading=\"lazy\" decoding=\"async\" width=\"724\" height=\"1024\" src=\"https:\/\/www.searchingblue.de\/wp-content\/uploads\/2024\/11\/Plakatentwurf-SearchingBlue-8-klein-724x1024.png\" alt=\"\" class=\"wp-image-43\" srcset=\"https:\/\/www.searchingblue.de\/wp-content\/uploads\/2024\/11\/Plakatentwurf-SearchingBlue-8-klein-724x1024.png 724w, https:\/\/www.searchingblue.de\/wp-content\/uploads\/2024\/11\/Plakatentwurf-SearchingBlue-8-klein-212x300.png 212w, https:\/\/www.searchingblue.de\/wp-content\/uploads\/2024\/11\/Plakatentwurf-SearchingBlue-8-klein-768x1086.png 768w, https:\/\/www.searchingblue.de\/wp-content\/uploads\/2024\/11\/Plakatentwurf-SearchingBlue-8-klein-1086x1536.png 1086w, https:\/\/www.searchingblue.de\/wp-content\/uploads\/2024\/11\/Plakatentwurf-SearchingBlue-8-klein.png 1240w\" sizes=\"auto, (max-width: 724px) 100vw, 724px\" \/><\/figure>\n\n\n\n<p>Wir m\u00f6gen Krimis. \u201aSearching Blue\u2018 ist eine so noch nicht erz\u00e4hlte Verfolgungsjagd und Krimi-Reise im Flair des Film Noir, die als live-Musik Event mit Bigband dargeboten wird. Die Komposition der M\u00fcnsteranerin Claudia Giesen und die Comic-Zeichnungen von Marcel Giesen verschmelzen in einem Cross-over Konzept. Die Illustrationen liefern die Handlung in 14 Bildern, die passend zum Verlauf der Story langsam abgetastet werden und erst allm\u00e4hlich den Augen der ZuschauerInnen filmisch entdecken, was sie erz\u00e4hlen.<\/p>\n\n\n\n<p>Im Mittelpunkt steht der Juwelendieb Blue, der nicht nur von der Kommissarin White und ihrem Assistenten Black gejagt wird, sondern auch durch die eindrucksvolle Urauff\u00fchrung der Big-Band-Suite von Claudia Giesen musikalisch lebendig wird. Die exklusiv f\u00fcr dieses Konzert komponierte Musik macht jede Station der Verfolgungsjagd h\u00f6rbar \u2013 von Blues\u2019 Raub bis zu seiner dramatischen Festnahme.<\/p>\n\n\n\n<p>Der Film wird ausschlie\u00dflich musikalisch untermalt. Die Suite f\u00fcr Bigband ist der Soundtrack, der die verschiedenen Stationen dieser Ermittlung begleitet, bis Blue gefunden und gestellt wird. Doch im Zentrum steht die Musik: Live gespielt, mit hervorragenden Solisten, pr\u00e4sentiert die Big-Band die Handlung in einer Bandbreite, die von feinen Nuancen bis zu kraftvollen H\u00f6hepunkten reicht.<\/p>\n\n\n\n<p>Erleben sie mit \u201eSearching Blue\u201c ein Konzert-Event einer der besten Bigbands des M\u00fcnsterlandes. In der zweiten Konzerth\u00e4lfte h\u00f6ren Sie weitere Werke aus dem Repertoire der Band. Einlass ab 19:30. Der Eintritt f\u00fcr Erwachsene kostet 15 Euro, erm\u00e4\u00dfigt 8 Euro; Kinder von 0-12 Jahren sind frei.<\/p>\n\n\n\n<figure class=\"wp-block-embed is-type-video is-provider-youtube wp-block-embed-youtube wp-embed-aspect-16-9 wp-has-aspect-ratio\"><div class=\"wp-block-embed__wrapper\">\n<iframe loading=\"lazy\" title=\"Searching Blue Trailer\" width=\"525\" height=\"295\" src=\"https:\/\/www.youtube.com\/embed\/rn_VslUFnlw?feature=oembed\" frameborder=\"0\" allow=\"accelerometer; autoplay; clipboard-write; encrypted-media; gyroscope; picture-in-picture; web-share\" referrerpolicy=\"strict-origin-when-cross-origin\" allowfullscreen><\/iframe>\n<\/div><\/figure>\n","protected":false},"excerpt":{"rendered":"<p>Im Februar 2025 pr\u00e4sentierten wie Ihnen eine der besten Big Bands des M\u00fcnsterlandes im Wolfgang-Borchert-Theater und in der Stadthalle Hiltrup: die Big Band I der Universit\u00e4t M\u00fcnster unter der Leitung &hellip; <\/p>\n<p class=\"link-more\"><a href=\"https:\/\/www.searchingblue.de\/\" class=\"more-link\"><span class=\"screen-reader-text\">\u201eEin Big Band-Konzert der Extraklasse\u201c<\/span> weiterlesen<\/a><\/p>\n","protected":false},"author":1,"featured_media":0,"parent":0,"menu_order":0,"comment_status":"closed","ping_status":"closed","template":"","meta":{"_price":"","_stock":"","_tribe_ticket_header":"","_tribe_default_ticket_provider":"","_tribe_ticket_capacity":"0","_ticket_start_date":"","_ticket_end_date":"","_tribe_ticket_show_description":"","_tribe_ticket_show_not_going":false,"_tribe_ticket_use_global_stock":"","_tribe_ticket_global_stock_level":"","_global_stock_mode":"","_global_stock_cap":"","_tribe_rsvp_for_event":"","_tribe_ticket_going_count":"","_tribe_ticket_not_going_count":"","_tribe_tickets_list":"[]","_tribe_ticket_has_attendee_info_fields":false,"footnotes":"","_tec_slr_enabled":"","_tec_slr_layout":""},"class_list":["post-10","page","type-page","status-publish","hentry"],"ticketed":false,"_links":{"self":[{"href":"https:\/\/www.searchingblue.de\/index.php?rest_route=\/wp\/v2\/pages\/10","targetHints":{"allow":["GET"]}}],"collection":[{"href":"https:\/\/www.searchingblue.de\/index.php?rest_route=\/wp\/v2\/pages"}],"about":[{"href":"https:\/\/www.searchingblue.de\/index.php?rest_route=\/wp\/v2\/types\/page"}],"author":[{"embeddable":true,"href":"https:\/\/www.searchingblue.de\/index.php?rest_route=\/wp\/v2\/users\/1"}],"replies":[{"embeddable":true,"href":"https:\/\/www.searchingblue.de\/index.php?rest_route=%2Fwp%2Fv2%2Fcomments&post=10"}],"version-history":[{"count":10,"href":"https:\/\/www.searchingblue.de\/index.php?rest_route=\/wp\/v2\/pages\/10\/revisions"}],"predecessor-version":[{"id":129,"href":"https:\/\/www.searchingblue.de\/index.php?rest_route=\/wp\/v2\/pages\/10\/revisions\/129"}],"wp:attachment":[{"href":"https:\/\/www.searchingblue.de\/index.php?rest_route=%2Fwp%2Fv2%2Fmedia&parent=10"}],"curies":[{"name":"wp","href":"https:\/\/api.w.org\/{rel}","templated":true}]}}